{"id":2228,"date":"2025-10-10T14:29:28","date_gmt":"2025-10-10T12:29:28","guid":{"rendered":"https:\/\/evoluzionenaturale.org\/?page_id=2228"},"modified":"2026-01-11T10:17:00","modified_gmt":"2026-01-11T09:17:00","slug":"workshop-vii-edizione","status":"publish","type":"page","link":"https:\/\/evoluzionenaturale.org\/new\/workshop-vii-edizione\/","title":{"rendered":"Workshop VII Edizione"},"content":{"rendered":"\t\t<div data-elementor-type=\"wp-page\" data-elementor-id=\"2228\" class=\"elementor elementor-2228\">\n\t\t\t\t<div class=\"elementor-element elementor-element-439463d e-flex e-con-boxed wpr-particle-no wpr-jarallax-no wpr-parallax-no wpr-sticky-section-no e-con e-parent\" data-id=\"439463d\" data-element_type=\"container\">\n\t\t\t\t\t<div class=\"e-con-inner\">\n\t\t<div class=\"elementor-element elementor-element-8772867 e-con-full e-flex wpr-particle-no wpr-jarallax-no wpr-parallax-no wpr-sticky-section-no e-con e-child\" data-id=\"8772867\" data-element_type=\"container\">\n\t\t\t\t<div class=\"elementor-element elementor-element-d31bc37 elementor-widget elementor-widget-image\" data-id=\"d31bc37\" data-element_type=\"widget\" data-widget_type=\"image.default\">\n\t\t\t\t<div class=\"elementor-widget-container\">\n\t\t\t\t\t\t\t\t\t\t\t\t\t\t\t<img fetchpriority=\"high\" decoding=\"async\" width=\"1024\" height=\"1024\" src=\"https:\/\/evoluzionenaturale.org\/new\/wp-content\/uploads\/2026\/01\/WhatsApp-Image-2026-01-10-at-19.47.29-1024x1024.jpeg\" class=\"attachment-large size-large wp-image-2945\" alt=\"\" srcset=\"https:\/\/evoluzionenaturale.org\/new\/wp-content\/uploads\/2026\/01\/WhatsApp-Image-2026-01-10-at-19.47.29-1024x1024.jpeg 1024w, https:\/\/evoluzionenaturale.org\/new\/wp-content\/uploads\/2026\/01\/WhatsApp-Image-2026-01-10-at-19.47.29-300x300.jpeg 300w, https:\/\/evoluzionenaturale.org\/new\/wp-content\/uploads\/2026\/01\/WhatsApp-Image-2026-01-10-at-19.47.29-150x150.jpeg 150w, https:\/\/evoluzionenaturale.org\/new\/wp-content\/uploads\/2026\/01\/WhatsApp-Image-2026-01-10-at-19.47.29-768x768.jpeg 768w, https:\/\/evoluzionenaturale.org\/new\/wp-content\/uploads\/2026\/01\/WhatsApp-Image-2026-01-10-at-19.47.29-1536x1536.jpeg 1536w, https:\/\/evoluzionenaturale.org\/new\/wp-content\/uploads\/2026\/01\/WhatsApp-Image-2026-01-10-at-19.47.29-600x600.jpeg 600w, https:\/\/evoluzionenaturale.org\/new\/wp-content\/uploads\/2026\/01\/WhatsApp-Image-2026-01-10-at-19.47.29-100x100.jpeg 100w, https:\/\/evoluzionenaturale.org\/new\/wp-content\/uploads\/2026\/01\/WhatsApp-Image-2026-01-10-at-19.47.29.jpeg 1600w\" sizes=\"(max-width: 1024px) 100vw, 1024px\" \/>\t\t\t\t\t\t\t\t\t\t\t\t\t\t\t<\/div>\n\t\t\t\t<\/div>\n\t\t\t\t<\/div>\n\t\t<div class=\"elementor-element elementor-element-05d2503 e-con-full e-flex wpr-particle-no wpr-jarallax-no wpr-parallax-no wpr-sticky-section-no e-con e-child\" data-id=\"05d2503\" data-element_type=\"container\">\n\t\t\t\t<div class=\"elementor-element elementor-element-43a278b elementor-widget elementor-widget-text-editor\" data-id=\"43a278b\" data-element_type=\"widget\" data-widget_type=\"text-editor.default\">\n\t\t\t\t<div class=\"elementor-widget-container\">\n\t\t\t\t\t\t\t\t\t<p>\ud83c\udfa4 <strong>WORKSHOP \u2014 \u201cSguardi sul mercato del vino\u201d<\/strong><\/p><p><em><strong>Domenica 25 gennaio | ore 09:30<\/strong><\/em><\/p><p>Un momento di confronto aperto su uno dei temi oggi pi\u00f9 centrali per il mondo del vino artigianale: come sta cambiando il mercato e quali equilibri \u00e8 necessario ripensare per renderlo sostenibile, credibile e coerente con i valori produttivi.<\/p><p>Il workshop nasce come spazio di dialogo reale, senza ricette preconfezionate, per leggere le tensioni che attraversano la filiera e provare a individuare nuove prospettive condivise.<\/p><p>Durante l\u2019incontro si discuter\u00e0 di:<\/p><ul><li>equilibrio tra prezzo e sostenibilit\u00e0 economica<\/li><li>scontistica e politiche commerciali eque<\/li><li>margini, ricarichi e criticit\u00e0 lungo la filiera<\/li><li>ruolo della comunicazione digitale e della credibilit\u00e0<\/li><li>divergenze di necessit\u00e0 tra aziende agricole, distributori, agenti e ristoratori<\/li><\/ul><p>Intervengono:<\/p><ul><li>Roberto Lo Pinto \u2014 Responsabile commerciale Italia Ampeleia &amp; Kippis<\/li><li>Theo Zierock \u2014 Foradori<\/li><li>Vincenzo Caruso \u2014 Enoteca Vigneto, Roma<\/li><\/ul><p>Modera:<\/p><ul><li>Matteo Gallello, cronista del vino<\/li><\/ul><p>Un dialogo necessario per interpretare un momento complesso, mettere a fuoco le trasformazioni in atto e aprire uno spazio di confronto consapevole tra i diversi attori del vino artigianale.<\/p><p>\ud83d\udfe2 Ingresso libero fino ad esaurimento posti<br \/>\ud83d\udde3 Lingua del workshop: italiano<\/p><p>Il workshop si inserisce nel programma di Evoluzione Naturale come occasione di ascolto, riflessione e scambio, con l\u2019obiettivo di rafforzare una visione comune e responsabile del futuro del vino.<\/p>\t\t\t\t\t\t\t\t<\/div>\n\t\t\t\t<\/div>\n\t\t\t\t<\/div>\n\t\t\t\t\t<\/div>\n\t\t\t\t<\/div>\n\t\t\t\t<\/div>\n\t\t","protected":false},"excerpt":{"rendered":"<p>\ud83c\udfa4 WORKSHOP \u2014 \u201cSguardi sul mercato del vino\u201d Domenica 25 gennaio | ore 09:30 Un momento di confronto aperto su uno dei temi oggi pi\u00f9 centrali per il mondo del vino artigianale: come sta cambiando il mercato e quali equilibri \u00e8 necessario ripensare per renderlo sostenibile, credibile e coerente con i valori produttivi. Il workshop nasce come spazio di dialogo reale, senza ricette preconfezionate, per leggere le tensioni che attraversano la filiera e provare a individuare nuove prospettive condivise. Durante l\u2019incontro si discuter\u00e0 di: equilibrio tra prezzo e sostenibilit\u00e0 economica scontistica e politiche commerciali eque margini, ricarichi e criticit\u00e0 lungo la filiera ruolo della comunicazione digitale e della credibilit\u00e0 divergenze di necessit\u00e0 tra aziende agricole, distributori, agenti e ristoratori Intervengono: Roberto Lo Pinto \u2014 Responsabile commerciale Italia Ampeleia &amp; Kippis Theo Zierock \u2014 Foradori Vincenzo Caruso \u2014 Enoteca Vigneto, Roma Modera: Matteo Gallello, cronista del vino Un dialogo necessario per interpretare un momento complesso, mettere a fuoco le trasformazioni in atto e aprire uno spazio di confronto consapevole tra i diversi attori del vino artigianale. \ud83d\udfe2 Ingresso libero fino ad esaurimento posti\ud83d\udde3 Lingua del workshop: italiano Il workshop si inserisce nel programma di Evoluzione Naturale come occasione di ascolto, riflessione e scambio, con l\u2019obiettivo di rafforzare una visione comune e responsabile del futuro del vino.<\/p>\n","protected":false},"author":1,"featured_media":0,"parent":0,"menu_order":0,"comment_status":"closed","ping_status":"closed","template":"","meta":{"ocean_post_layout":"full-width","ocean_both_sidebars_style":"","ocean_both_sidebars_content_width":0,"ocean_both_sidebars_sidebars_width":0,"ocean_sidebar":"0","ocean_second_sidebar":"0","ocean_disable_margins":"enable","ocean_add_body_class":"","ocean_shortcode_before_top_bar":"","ocean_shortcode_after_top_bar":"","ocean_shortcode_before_header":"","ocean_shortcode_after_header":"","ocean_has_shortcode":"","ocean_shortcode_after_title":"","ocean_shortcode_before_footer_widgets":"","ocean_shortcode_after_footer_widgets":"","ocean_shortcode_before_footer_bottom":"","ocean_shortcode_after_footer_bottom":"","ocean_display_top_bar":"default","ocean_display_header":"default","ocean_header_style":"","ocean_center_header_left_menu":"0","ocean_custom_header_template":"0","ocean_custom_logo":0,"ocean_custom_retina_logo":0,"ocean_custom_logo_max_width":0,"ocean_custom_logo_tablet_max_width":0,"ocean_custom_logo_mobile_max_width":0,"ocean_custom_logo_max_height":0,"ocean_custom_logo_tablet_max_height":0,"ocean_custom_logo_mobile_max_height":0,"ocean_header_custom_menu":"0","ocean_menu_typo_font_family":"0","ocean_menu_typo_font_subset":"","ocean_menu_typo_font_size":0,"ocean_menu_typo_font_size_tablet":0,"ocean_menu_typo_font_size_mobile":0,"ocean_menu_typo_font_size_unit":"px","ocean_menu_typo_font_weight":"","ocean_menu_typo_font_weight_tablet":"","ocean_menu_typo_font_weight_mobile":"","ocean_menu_typo_transform":"","ocean_menu_typo_transform_tablet":"","ocean_menu_typo_transform_mobile":"","ocean_menu_typo_line_height":0,"ocean_menu_typo_line_height_tablet":0,"ocean_menu_typo_line_height_mobile":0,"ocean_menu_typo_line_height_unit":"","ocean_menu_typo_spacing":0,"ocean_menu_typo_spacing_tablet":0,"ocean_menu_typo_spacing_mobile":0,"ocean_menu_typo_spacing_unit":"","ocean_menu_link_color":"","ocean_menu_link_color_hover":"","ocean_menu_link_color_active":"","ocean_menu_link_background":"","ocean_menu_link_hover_background":"","ocean_menu_link_active_background":"","ocean_menu_social_links_bg":"","ocean_menu_social_hover_links_bg":"","ocean_menu_social_links_color":"","ocean_menu_social_hover_links_color":"","ocean_disable_title":"default","ocean_disable_heading":"default","ocean_post_title":"","ocean_post_subheading":"","ocean_post_title_style":"background-image","ocean_post_title_background_color":"","ocean_post_title_background":2229,"ocean_post_title_bg_image_position":"center center","ocean_post_title_bg_image_attachment":"","ocean_post_title_bg_image_repeat":"","ocean_post_title_bg_image_size":"","ocean_post_title_height":0,"ocean_post_title_bg_overlay":0.5,"ocean_post_title_bg_overlay_color":"","ocean_disable_breadcrumbs":"default","ocean_breadcrumbs_color":"","ocean_breadcrumbs_separator_color":"","ocean_breadcrumbs_links_color":"","ocean_breadcrumbs_links_hover_color":"","ocean_display_footer_widgets":"default","ocean_display_footer_bottom":"default","ocean_custom_footer_template":"0","footnotes":""},"regione":[],"class_list":["post-2228","page","type-page","status-publish","hentry","entry","owp-thumbs-layout-horizontal","owp-btn-normal","owp-tabs-layout-horizontal","has-no-thumbnails"],"_links":{"self":[{"href":"https:\/\/evoluzionenaturale.org\/new\/wp-json\/wp\/v2\/pages\/2228","targetHints":{"allow":["GET"]}}],"collection":[{"href":"https:\/\/evoluzionenaturale.org\/new\/wp-json\/wp\/v2\/pages"}],"about":[{"href":"https:\/\/evoluzionenaturale.org\/new\/wp-json\/wp\/v2\/types\/page"}],"author":[{"embeddable":true,"href":"https:\/\/evoluzionenaturale.org\/new\/wp-json\/wp\/v2\/users\/1"}],"replies":[{"embeddable":true,"href":"https:\/\/evoluzionenaturale.org\/new\/wp-json\/wp\/v2\/comments?post=2228"}],"version-history":[{"count":11,"href":"https:\/\/evoluzionenaturale.org\/new\/wp-json\/wp\/v2\/pages\/2228\/revisions"}],"predecessor-version":[{"id":2951,"href":"https:\/\/evoluzionenaturale.org\/new\/wp-json\/wp\/v2\/pages\/2228\/revisions\/2951"}],"wp:attachment":[{"href":"https:\/\/evoluzionenaturale.org\/new\/wp-json\/wp\/v2\/media?parent=2228"}],"wp:term":[{"taxonomy":"regione","embeddable":true,"href":"https:\/\/evoluzionenaturale.org\/new\/wp-json\/wp\/v2\/regione?post=2228"}],"curies":[{"name":"wp","href":"https:\/\/api.w.org\/{rel}","templated":true}]}}